{"id":115,"date":"2021-04-07T21:09:36","date_gmt":"2021-04-07T19:09:36","guid":{"rendered":"http:\/\/streitberger-reusche.de.server1.gepixel.de\/cms\/?page_id=115"},"modified":"2024-03-12T11:42:41","modified_gmt":"2024-03-12T10:42:41","slug":"impressum","status":"publish","type":"page","link":"https:\/\/streitberger-reusche.com\/cms\/impressum\/","title":{"rendered":"Impressum"},"content":{"rendered":"\n<p>Inhaber und inhaltlich verantwortlich<br>gem\u00e4\u00df \u00a7 6 MdStV u. TDG<br>Norbert Wei\u00df<br><br>Anschrift:<br>Streitberger &amp; Reusche<br>Maystra\u00dfe 7, 91578 Leutershausen<br>Tel. 09823 223<br><br>USt-IdNr.: DE22 81 36 845<br><br>F\u00fcr den Inhalt von verlinkten Seiten sind die jeweiligen Seitenbetreiber verantwortlich.<\/p>\n\n\n\n<p>\u2014\u2014\u2014\u2014\u2014\u2014\u2014\u2014\u2014\u2014\u2014\u2014\u2014\u2013<\/p>\n\n\n\n<p>Realisierung Webauftritt (2021) \/ Hosting:<br><a href=\"https:\/\/www.gepixel.de\" target=\"_blank\" rel=\"noreferrer noopener\">gepixel.de<\/a> \u2013 Agentur f\u00fcr visuelle Kommunikation<\/p>\n\n\n\n<p><br><\/p>\n","protected":false},"excerpt":{"rendered":"<p>Inhaber und inhaltlich verantwortlichgem\u00e4\u00df \u00a7 6 MdStV u. TDGNorbert Wei\u00df <a class=\"more-link\" href=\"https:\/\/streitberger-reusche.com\/cms\/impressum\/\">Weiterlesen\u00a0\u2026<\/a><\/p>\n","protected":false},"author":1,"featured_media":0,"parent":0,"menu_order":0,"comment_status":"closed","ping_status":"closed","template":"","meta":{"footnotes":""},"class_list":["post-115","page","type-page","status-publish","hentry"],"_links":{"self":[{"href":"https:\/\/streitberger-reusche.com\/cms\/wp-json\/wp\/v2\/pages\/115","targetHints":{"allow":["GET"]}}],"collection":[{"href":"https:\/\/streitberger-reusche.com\/cms\/wp-json\/wp\/v2\/pages"}],"about":[{"href":"https:\/\/streitberger-reusche.com\/cms\/wp-json\/wp\/v2\/types\/page"}],"author":[{"embeddable":true,"href":"https:\/\/streitberger-reusche.com\/cms\/wp-json\/wp\/v2\/users\/1"}],"replies":[{"embeddable":true,"href":"https:\/\/streitberger-reusche.com\/cms\/wp-json\/wp\/v2\/comments?post=115"}],"version-history":[{"count":6,"href":"https:\/\/streitberger-reusche.com\/cms\/wp-json\/wp\/v2\/pages\/115\/revisions"}],"predecessor-version":[{"id":424,"href":"https:\/\/streitberger-reusche.com\/cms\/wp-json\/wp\/v2\/pages\/115\/revisions\/424"}],"wp:attachment":[{"href":"https:\/\/streitberger-reusche.com\/cms\/wp-json\/wp\/v2\/media?parent=115"}],"curies":[{"name":"wp","href":"https:\/\/api.w.org\/{rel}","templated":true}]}}