{"id":17,"date":"2021-04-07T18:12:41","date_gmt":"2021-04-07T16:12:41","guid":{"rendered":"http:\/\/streitberger-reusche.de.server1.gepixel.de\/cms\/?page_id=17"},"modified":"2021-07-29T15:14:28","modified_gmt":"2021-07-29T13:14:28","slug":"startseite","status":"publish","type":"page","link":"https:\/\/streitberger-reusche.com\/cms\/","title":{"rendered":"Herzlich willkommen"},"content":{"rendered":"\n<p>Im Fachgesch\u00e4ft Streitberger-Reusche, im Herzen von Leutershausen begr\u00fc\u00dfen wir Sie herzlich zu einem virtuellen Rundgang. <br><br>Wir f\u00fchren Lederwaren, Korbwaren, Kunstgewerbe und Geschenkartikel.<br>Und das bereits in der dritten Generation.<br><br>Unter <a href=\"https:\/\/streitberger-reusche.com\/cms\/?page_id=127\" data-type=\"page\" data-id=\"127\">Aktuelles<\/a> stellen wir Ihnen neue Produkte vor und ver\u00f6ffentlichen sonstige Informationen.<br><br><\/p>\n\n\n\n<p>Schauen Sie gerne pers\u00f6nlich vorbei!<br>Wir freuen uns \u00fcber Ihren Besuch.<\/p>\n\n\n\n<p><em>Ihre Familie Wei\u00df <\/em><\/p>\n\n\n\n<p>.<\/p>\n","protected":false},"excerpt":{"rendered":"<p>Im Fachgesch\u00e4ft Streitberger-Reusche, im Herzen von Leutershausen begr\u00fc\u00dfen wir Sie <a class=\"more-link\" href=\"https:\/\/streitberger-reusche.com\/cms\/\">Weiterlesen\u00a0\u2026<\/a><\/p>\n","protected":false},"author":1,"featured_media":0,"parent":0,"menu_order":0,"comment_status":"closed","ping_status":"closed","template":"","meta":{"footnotes":""},"class_list":["post-17","page","type-page","status-publish","hentry"],"_links":{"self":[{"href":"https:\/\/streitberger-reusche.com\/cms\/wp-json\/wp\/v2\/pages\/17","targetHints":{"allow":["GET"]}}],"collection":[{"href":"https:\/\/streitberger-reusche.com\/cms\/wp-json\/wp\/v2\/pages"}],"about":[{"href":"https:\/\/streitberger-reusche.com\/cms\/wp-json\/wp\/v2\/types\/page"}],"author":[{"embeddable":true,"href":"https:\/\/streitberger-reusche.com\/cms\/wp-json\/wp\/v2\/users\/1"}],"replies":[{"embeddable":true,"href":"https:\/\/streitberger-reusche.com\/cms\/wp-json\/wp\/v2\/comments?post=17"}],"version-history":[{"count":4,"href":"https:\/\/streitberger-reusche.com\/cms\/wp-json\/wp\/v2\/pages\/17\/revisions"}],"predecessor-version":[{"id":162,"href":"https:\/\/streitberger-reusche.com\/cms\/wp-json\/wp\/v2\/pages\/17\/revisions\/162"}],"wp:attachment":[{"href":"https:\/\/streitberger-reusche.com\/cms\/wp-json\/wp\/v2\/media?parent=17"}],"curies":[{"name":"wp","href":"https:\/\/api.w.org\/{rel}","templated":true}]}}