{"id":2,"date":"2021-04-07T17:59:51","date_gmt":"2021-04-07T15:59:51","guid":{"rendered":"http:\/\/streitberger-reusche.de.server1.gepixel.de\/cms\/?page_id=2"},"modified":"2021-09-07T12:17:26","modified_gmt":"2021-09-07T10:17:26","slug":"produkte","status":"publish","type":"page","link":"https:\/\/streitberger-reusche.com\/cms\/produkte\/","title":{"rendered":"Produkte"},"content":{"rendered":"\n<div class=\"wp-block-media-text alignwide is-stacked-on-mobile is-vertically-aligned-top\" style=\"grid-template-columns:28% auto\"><figure class=\"wp-block-media-text__media\"><img loading=\"lazy\" decoding=\"async\" width=\"800\" height=\"800\" src=\"https:\/\/streitberger-reusche.com\/cms\/wp-content\/uploads\/2021\/08\/Rucksack.jpg\" alt=\"\" class=\"wp-image-209 size-full\" srcset=\"https:\/\/streitberger-reusche.com\/cms\/wp-content\/uploads\/2021\/08\/Rucksack.jpg 800w, https:\/\/streitberger-reusche.com\/cms\/wp-content\/uploads\/2021\/08\/Rucksack-300x300.jpg 300w, https:\/\/streitberger-reusche.com\/cms\/wp-content\/uploads\/2021\/08\/Rucksack-150x150.jpg 150w, https:\/\/streitberger-reusche.com\/cms\/wp-content\/uploads\/2021\/08\/Rucksack-768x768.jpg 768w, https:\/\/streitberger-reusche.com\/cms\/wp-content\/uploads\/2021\/08\/Rucksack-200x200.jpg 200w\" sizes=\"auto, (max-width: 800px) 100vw, 800px\" \/><\/figure><div class=\"wp-block-media-text__content\">\n<ul class=\"wp-block-list\"><li>Lederwaren<\/li><li>Geldb\u00f6rsen f\u00fcr Damen und Herren<\/li><li>Damentaschen<\/li><li>Schul- und Freizeitrucks\u00e4cke<\/li><li>B\u00fcchertaschen (Schulanf\u00e4nger) <\/li><\/ul>\n<\/div><\/div>\n\n\n\n<p><\/p>\n\n\n\n<ul class=\"wp-block-list\"><li><strong>Reisegep\u00e4ck<\/strong><\/li><li>Hartschalentrolley<\/li><li>Polyestertrolley<\/li><li>Kulturbeutel<\/li><li>Bordgep\u00e4ck<\/li><li>Rollenreisetaschen<\/li><li>Einkaufstrolley<\/li><\/ul>\n\n\n\n<ul class=\"wp-block-list\"><li><strong>Korbwaren<\/strong><\/li><li>Kamink\u00f6rbe<\/li><li>Einkaufsk\u00f6rbe<\/li><li>Icebags<\/li><\/ul>\n\n\n\n<div class=\"wp-block-media-text alignwide is-stacked-on-mobile is-vertically-aligned-center\" style=\"grid-template-columns:32% auto\"><figure class=\"wp-block-media-text__media\"><img loading=\"lazy\" decoding=\"async\" width=\"800\" height=\"800\" src=\"https:\/\/streitberger-reusche.com\/cms\/wp-content\/uploads\/2021\/08\/prodmix.jpg\" alt=\"\" class=\"wp-image-212 size-full\" srcset=\"https:\/\/streitberger-reusche.com\/cms\/wp-content\/uploads\/2021\/08\/prodmix.jpg 800w, https:\/\/streitberger-reusche.com\/cms\/wp-content\/uploads\/2021\/08\/prodmix-300x300.jpg 300w, https:\/\/streitberger-reusche.com\/cms\/wp-content\/uploads\/2021\/08\/prodmix-150x150.jpg 150w, https:\/\/streitberger-reusche.com\/cms\/wp-content\/uploads\/2021\/08\/prodmix-768x768.jpg 768w, https:\/\/streitberger-reusche.com\/cms\/wp-content\/uploads\/2021\/08\/prodmix-200x200.jpg 200w\" sizes=\"auto, (max-width: 800px) 100vw, 800px\" \/><\/figure><div class=\"wp-block-media-text__content\">\n<div class=\"wp-block-columns is-layout-flex wp-container-core-columns-is-layout-9d6595d7 wp-block-columns-is-layout-flex\">\n<div class=\"wp-block-column is-vertically-aligned-top is-layout-flow wp-block-column-is-layout-flow\" style=\"flex-basis:100%\">\n<ul class=\"wp-block-list\"><li><strong>Geschenkartikel (Garten)<\/strong><\/li><li>Gartensticker<\/li><li>Regenmesser<\/li><li>Kugeln<\/li><li>Laternen<\/li><li>Schwimmkugeln<\/li><li>Vogeltr\u00e4nken<\/li><li>Pflanzgef\u00e4\u00dfe<\/li><li>Objekte aus Edelrost<\/li><li>Tische<\/li><li>St\u00fchle<\/li><li>Zaunhocker<\/li><li>Obelisken<\/li><\/ul>\n<\/div>\n<\/div>\n<\/div><\/div>\n\n\n\n<ul class=\"wp-block-list\"><li><strong>Geschenkartikel (Haus)<\/strong><\/li><li>Metallfiguten<\/li><li>Windlichter<\/li><li>Laternen<\/li><li>Eisenb\u00e4ume<\/li><li>Obelisken<\/li><li>Kreuterkronen<\/li><li>Etageren<\/li><li>H\u00e4nger<\/li><li>Schalen<\/li><li>Vasen<\/li><\/ul>\n\n\n\n<ul class=\"wp-block-list\"><li><strong>Gourmet Berner<\/strong><\/li><li>Hochwertige Essig und \u00d6le, Br\u00e4nde und Dips<\/li><\/ul>\n","protected":false},"excerpt":{"rendered":"<p>Lederwaren Geldb\u00f6rsen f\u00fcr Damen und Herren Damentaschen Schul- und Freizeitrucks\u00e4cke <a class=\"more-link\" href=\"https:\/\/streitberger-reusche.com\/cms\/produkte\/\">Weiterlesen\u00a0\u2026<\/a><\/p>\n","protected":false},"author":1,"featured_media":204,"parent":0,"menu_order":0,"comment_status":"closed","ping_status":"closed","template":"","meta":{"footnotes":""},"class_list":["post-2","page","type-page","status-publish","has-post-thumbnail","hentry"],"_links":{"self":[{"href":"https:\/\/streitberger-reusche.com\/cms\/wp-json\/wp\/v2\/pages\/2","targetHints":{"allow":["GET"]}}],"collection":[{"href":"https:\/\/streitberger-reusche.com\/cms\/wp-json\/wp\/v2\/pages"}],"about":[{"href":"https:\/\/streitberger-reusche.com\/cms\/wp-json\/wp\/v2\/types\/page"}],"author":[{"embeddable":true,"href":"https:\/\/streitberger-reusche.com\/cms\/wp-json\/wp\/v2\/users\/1"}],"replies":[{"embeddable":true,"href":"https:\/\/streitberger-reusche.com\/cms\/wp-json\/wp\/v2\/comments?post=2"}],"version-history":[{"count":11,"href":"https:\/\/streitberger-reusche.com\/cms\/wp-json\/wp\/v2\/pages\/2\/revisions"}],"predecessor-version":[{"id":246,"href":"https:\/\/streitberger-reusche.com\/cms\/wp-json\/wp\/v2\/pages\/2\/revisions\/246"}],"wp:featuredmedia":[{"embeddable":true,"href":"https:\/\/streitberger-reusche.com\/cms\/wp-json\/wp\/v2\/media\/204"}],"wp:attachment":[{"href":"https:\/\/streitberger-reusche.com\/cms\/wp-json\/wp\/v2\/media?parent=2"}],"curies":[{"name":"wp","href":"https:\/\/api.w.org\/{rel}","templated":true}]}}