{"id":59,"date":"2021-04-07T19:25:43","date_gmt":"2021-04-07T17:25:43","guid":{"rendered":"http:\/\/streitberger-reusche.de.server1.gepixel.de\/cms\/?page_id=59"},"modified":"2021-09-07T12:15:50","modified_gmt":"2021-09-07T10:15:50","slug":"das-sind-wir","status":"publish","type":"page","link":"https:\/\/streitberger-reusche.com\/cms\/das-sind-wir\/","title":{"rendered":"Das sind wir"},"content":{"rendered":"\n<p><strong>Unsere Firmengeschichte<\/strong><\/p>\n\n\n\n<p>Streitberger-Reusche befindet sich bereits in der 3. Generation. Vor dem Krieg betrieben die Gro\u00dfeltern eine Gerberei, danach einen Lederhandel. Sp\u00e4ter wurde in der 2. Generation aus dem Lederhandel ein Lederwarengesch\u00e4ft.<\/p>\n\n\n\n<p><strong>2002<\/strong> wurde das Gesch\u00e4ft von uns \u00fcbernommen und 2007 komplett umgebaut und vergr\u00f6\u00dfert. Die Ladenfl\u00e4che wurde verdoppelt, das Sortiment um Deko und Geschenkartikel erweitert.<\/p>\n\n\n\n<p><strong>2009<\/strong> wurde das Gesch\u00e4ft noch einmal erweitert. Ein Wintergarten wurde angeh\u00e4ngt und das Sortiment um Garten-Deko erweitert<\/p>\n","protected":false},"excerpt":{"rendered":"<p>Unsere Firmengeschichte Streitberger-Reusche befindet sich bereits in der 3. Generation. <a class=\"more-link\" href=\"https:\/\/streitberger-reusche.com\/cms\/das-sind-wir\/\">Weiterlesen\u00a0\u2026<\/a><\/p>\n","protected":false},"author":1,"featured_media":203,"parent":0,"menu_order":0,"comment_status":"closed","ping_status":"closed","template":"","meta":{"footnotes":""},"class_list":["post-59","page","type-page","status-publish","has-post-thumbnail","hentry"],"_links":{"self":[{"href":"https:\/\/streitberger-reusche.com\/cms\/wp-json\/wp\/v2\/pages\/59","targetHints":{"allow":["GET"]}}],"collection":[{"href":"https:\/\/streitberger-reusche.com\/cms\/wp-json\/wp\/v2\/pages"}],"about":[{"href":"https:\/\/streitberger-reusche.com\/cms\/wp-json\/wp\/v2\/types\/page"}],"author":[{"embeddable":true,"href":"https:\/\/streitberger-reusche.com\/cms\/wp-json\/wp\/v2\/users\/1"}],"replies":[{"embeddable":true,"href":"https:\/\/streitberger-reusche.com\/cms\/wp-json\/wp\/v2\/comments?post=59"}],"version-history":[{"count":1,"href":"https:\/\/streitberger-reusche.com\/cms\/wp-json\/wp\/v2\/pages\/59\/revisions"}],"predecessor-version":[{"id":60,"href":"https:\/\/streitberger-reusche.com\/cms\/wp-json\/wp\/v2\/pages\/59\/revisions\/60"}],"wp:featuredmedia":[{"embeddable":true,"href":"https:\/\/streitberger-reusche.com\/cms\/wp-json\/wp\/v2\/media\/203"}],"wp:attachment":[{"href":"https:\/\/streitberger-reusche.com\/cms\/wp-json\/wp\/v2\/media?parent=59"}],"curies":[{"name":"wp","href":"https:\/\/api.w.org\/{rel}","templated":true}]}}